{"id":2882,"date":"2023-08-31T13:01:43","date_gmt":"2023-08-31T17:01:43","guid":{"rendered":"http:\/\/ninjasduweb.com\/?page_id=2882"},"modified":"2023-10-11T19:51:22","modified_gmt":"2023-10-11T23:51:22","slug":"politique-de-confidentialite","status":"publish","type":"page","link":"https:\/\/ninjasduweb.com\/en\/politique-de-confidentialite\/","title":{"rendered":"Privacy Policy"},"content":{"rendered":"<div data-elementor-type=\"wp-page\" data-elementor-id=\"2882\" class=\"elementor elementor-2882\" data-elementor-post-type=\"page\">\n\t\t\t\t\t\t<section class=\"elementor-section elementor-top-section elementor-element elementor-element-e47b306 elementor-section-boxed elementor-section-height-default elementor-section-height-default\" data-id=\"e47b306\" data-element_type=\"section\" data-e-type=\"section\" data-settings=\"{&quot;background_background&quot;:&quot;classic&quot;}\">\n\t\t\t\t\t\t<div class=\"elementor-container elementor-column-gap-default\">\n\t\t\t\t\t<div class=\"elementor-column elementor-col-100 elementor-top-column elementor-element elementor-element-21672ce8\" data-id=\"21672ce8\" data-element_type=\"column\" data-e-type=\"column\">\n\t\t\t<div class=\"elementor-widget-wrap elementor-element-populated\">\n\t\t\t\t\t\t<div class=\"elementor-element elementor-element-4b574a33 elementor-widget elementor-widget-text-editor\" data-id=\"4b574a33\" data-element_type=\"widget\" data-e-type=\"widget\" data-widget_type=\"text-editor.default\">\n\t\t\t\t<div class=\"elementor-widget-container\">\n\t\t\t\t\t\t\t\t\t<p><\/p>\n<hr class=\"wp-block-separator has-alpha-channel-opacity\">\n<p><\/p>\n<p><\/p>\n<p><strong>Privacy Policy&nbsp;<\/strong><\/p>\n<p><\/p>\n<p><\/p>\n<p>Last updated: 08\/31\/2023<\/p>\n<p><\/p>\n<p><\/p>\n<p>We at web ninjas are committed to protecting the privacy of your personal information. This privacy policy explains how we collect, use, share and protect your information. By using our services, you consent to the collection and use of your information in accordance with this policy.<\/p>\n<p><\/p>\n<p><\/p>\n<p><strong>Collection of Personal Information<\/strong><\/p>\n<p><\/p>\n<p><\/p>\n<p>We may collect personal information about you when you contact us, visit our website, use our services or interact with us in any way. The personal information we may collect includes, but is not limited to, your name, email address, telephone number, and any other information you choose to provide to us.<\/p>\n<p><\/p>\n<p><\/p>\n<p><strong>Use of Information<\/strong><\/p>\n<p><\/p>\n<p><\/p>\n<p>We use the personal information we collect to provide and improve our services, respond to your requests, communicate with you and personalize your experience with our web agency. We may also use this information for legitimate administrative, legal or business purposes.<\/p>\n<p><\/p>\n<p><\/p>\n<p><strong>Information Sharing<\/strong><\/p>\n<p><\/p>\n<p><\/p>\n<p>We do not sell, rent, or share your personal information with third parties for their marketing purposes. However, we may share your information with our partners and service providers who help us provide our services and manage our business. We require that these third parties respect the confidentiality and security of your information.<\/p>\n<p><\/p>\n<p><\/p>\n<p><strong>Protection of Information<\/strong><\/p>\n<p><\/p>\n<p><\/p>\n<p>We take appropriate security measures to protect your personal information from unauthorized access, alteration, disclosure or destruction. However, please note that no method of electronic transmission or storage is completely secure, and we cannot guarantee the absolute security of your information.<\/p>\n<p><\/p>\n<p><\/p>\n<p><strong>Rights and Choices<\/strong><\/p>\n<p><\/p>\n<p><\/p>\n<p>You have the right to access, correct, update or delete your personal information that we hold. You can also opt out of receiving marketing communications from us by following the unsubscribe instructions included in those communications.<\/p>\n<p><\/p>\n<p><\/p>\n<p><strong>Contact Us<\/strong><\/p>\n<p><\/p>\n<p><\/p>\n<p>If you have any questions about our privacy policy or data practices, please contact us at: duwebninjas@gmail.com<\/p>\n<p><\/p>\n<p><\/p>\n<hr class=\"wp-block-separator has-alpha-channel-opacity\">\n<p><\/p>\n<p><\/p>\n<p><\/p>\t\t\t\t\t\t\t\t<\/div>\n\t\t\t\t<\/div>\n\t\t\t\t\t<\/div>\n\t\t<\/div>\n\t\t\t\t\t<\/div>\n\t\t<\/section>\n\t\t\t\t<\/div>","protected":false},"excerpt":{"rendered":"<p>Politique de Confidentialit\u00e9&nbsp; Derni\u00e8re mise \u00e0 jour : 31\/08\/2023 Nous, chez les ninjas du web, sommes engag\u00e9s \u00e0 prot\u00e9ger la confidentialit\u00e9 de vos informations personnelles. Cette politique de confidentialit\u00e9 explique comment nous collectons, utilisons, partageons et prot\u00e9geons vos informations. En utilisant nos services, vous consentez \u00e0 la collecte et \u00e0 l&rsquo;utilisation de vos informations conform\u00e9ment [&hellip;]<\/p>\n","protected":false},"author":3,"featured_media":0,"parent":0,"menu_order":0,"comment_status":"closed","ping_status":"closed","template":"","meta":{"footnotes":""},"class_list":["post-2882","page","type-page","status-publish","hentry"],"_links":{"self":[{"href":"https:\/\/ninjasduweb.com\/en\/wp-json\/wp\/v2\/pages\/2882","targetHints":{"allow":["GET"]}}],"collection":[{"href":"https:\/\/ninjasduweb.com\/en\/wp-json\/wp\/v2\/pages"}],"about":[{"href":"https:\/\/ninjasduweb.com\/en\/wp-json\/wp\/v2\/types\/page"}],"author":[{"embeddable":true,"href":"https:\/\/ninjasduweb.com\/en\/wp-json\/wp\/v2\/users\/3"}],"replies":[{"embeddable":true,"href":"https:\/\/ninjasduweb.com\/en\/wp-json\/wp\/v2\/comments?post=2882"}],"version-history":[{"count":0,"href":"https:\/\/ninjasduweb.com\/en\/wp-json\/wp\/v2\/pages\/2882\/revisions"}],"wp:attachment":[{"href":"https:\/\/ninjasduweb.com\/en\/wp-json\/wp\/v2\/media?parent=2882"}],"curies":[{"name":"wp","href":"https:\/\/api.w.org\/{rel}","templated":true}]}}