{"id":2890,"date":"2023-08-31T13:12:25","date_gmt":"2023-08-31T17:12:25","guid":{"rendered":"http:\/\/ninjasduweb.com\/?page_id=2890"},"modified":"2023-10-11T19:50:38","modified_gmt":"2023-10-11T23:50:38","slug":"conditions-dutilisation","status":"publish","type":"page","link":"https:\/\/ninjasduweb.com\/en\/conditions-dutilisation\/","title":{"rendered":"Terms of use"},"content":{"rendered":"<div data-elementor-type=\"wp-page\" data-elementor-id=\"2890\" class=\"elementor elementor-2890\" data-elementor-post-type=\"page\">\n\t\t\t\t\t\t<section class=\"elementor-section elementor-top-section elementor-element elementor-element-2a8e4c7c elementor-section-boxed elementor-section-height-default elementor-section-height-default\" data-id=\"2a8e4c7c\" data-element_type=\"section\" data-e-type=\"section\" data-settings=\"{&quot;background_background&quot;:&quot;classic&quot;}\">\n\t\t\t\t\t\t<div class=\"elementor-container elementor-column-gap-default\">\n\t\t\t\t\t<div class=\"elementor-column elementor-col-100 elementor-top-column elementor-element elementor-element-1e645432\" data-id=\"1e645432\" data-element_type=\"column\" data-e-type=\"column\">\n\t\t\t<div class=\"elementor-widget-wrap elementor-element-populated\">\n\t\t\t\t\t\t<div class=\"elementor-element elementor-element-5e8310a3 elementor-widget elementor-widget-text-editor\" data-id=\"5e8310a3\" data-element_type=\"widget\" data-e-type=\"widget\" data-widget_type=\"text-editor.default\">\n\t\t\t\t<div class=\"elementor-widget-container\">\n\t\t\t\t\t\t\t\t\t<p><\/p>\n<p><strong>Site Property Rights and Acceptance of the Conditions of Use<\/strong><\/p>\n<p><\/p>\n<p><\/p>\n<p>These general conditions of use (the \u201cTerms of Use\u201d) apply to the website of the web agency \u201cNinjas du Web\u201d (the \u201cSite\u201d) and to all associated pages and services provided by Ninjas du Web. Web. The Site is the property of Ninjas du Web and its affiliates. By using this Site, you agree to these Terms of Use. If you do not agree to these terms, please do not use the Site.<\/p>\n<p><\/p>\n<p><\/p>\n<p><strong>Ownership of Content<\/strong><\/p>\n<p><\/p>\n<p><\/p>\n<p>All elements, text, graphics, logos, photographs, computer codes, visual interfaces and any other content present on the Site (collectively, the \u201cContent\u201d) are the exclusive property of Ninjas du Web or its licensors. This Content is protected by copyright, trademark, and other intellectual property laws. You may not copy, reproduce, distribute, publicly display, transmit or otherwise use the Content without the prior written consent of Ninjas du Web.<\/p>\n<p><\/p>\n<p><\/p>\n<p><strong>Use of the Site<\/strong><\/p>\n<p><\/p>\n<p><\/p>\n<p>Access to and use of the Site is subject to these Terms of Use. You may not use the Site in any manner that contravenes applicable laws or violates the rights of Web Ninjas or third parties. You may not attempt to access restricted portions of the Site without authorization. Any unauthorized use of the Site may result in legal action.<\/p>\n<p><\/p>\n<p><\/p>\n<p><strong>Links to other Sites<\/strong><\/p>\n<p><\/p>\n<p><\/p>\n<p>The Site may contain links to third-party sites. These links are provided as a convenience, but Web Ninjas does not endorse or control these third party sites. Ninjas du Web is not responsible for the content of these sites or the consequences of their use. Use of these links is at your own risk.<\/p>\n<p><\/p>\n<p><\/p>\n<p><strong>Limitation of Liability<\/strong><\/p>\n<p><\/p>\n<p><\/p>\n<p>The Site is provided \u201cas is\u201d and Ninjas du Web makes no warranty as to its operation, accuracy or uninterrupted nature. In no event will Ninjas du Web be liable to you or any other party for any indirect, consequential, exemplary, special or punitive damages, including lost profits, even if Ninjas du Web has been advised of the possibility of such damages. .<\/p>\n<p><\/p>\n<p><\/p>\n<p><strong>Modification of the Terms of Use<\/strong><\/p>\n<p><\/p>\n<p><\/p>\n<p>Ninjas du Web reserves the right to modify these Terms of Use at any time and without notice. It is your responsibility to review these Terms regularly to ensure that you are still in compliance.<\/p>\n<p><\/p>\n<p><\/p>\n<p><strong>Applicable Law and Dispute Resolution<\/strong><\/p>\n<p><\/p>\n<p><\/p>\n<p>These Terms of Use are governed by the laws of the province of Quebec, Canada. Any dispute arising from the use of the Site will be subject to the exclusive jurisdiction of the courts of the province of Quebec.<\/p>\n<p><\/p>\n<p><\/p>\n<p><strong>Contact<\/strong><\/p>\n<p><\/p>\n<p><\/p>\n<p>If you have any questions regarding these Terms of Use, please contact us at duwebninjas@gmail.com<\/p>\n<p><\/p>\n<p><\/p>\n<p>By using this Site, you acknowledge that you have read, understood and accepted these Terms of Use. If you do not agree to these terms, please do not use the Site.<\/p>\n<p><\/p>\t\t\t\t\t\t\t\t<\/div>\n\t\t\t\t<\/div>\n\t\t\t\t\t<\/div>\n\t\t<\/div>\n\t\t\t\t\t<\/div>\n\t\t<\/section>\n\t\t\t\t<\/div>","protected":false},"excerpt":{"rendered":"<p>Droits de Propri\u00e9t\u00e9 du Site et Acceptation des Conditions d&rsquo;Utilisation Les pr\u00e9sentes conditions g\u00e9n\u00e9rales d&rsquo;utilisation (les \u00ab\u00a0Conditions d&rsquo;utilisation\u00a0\u00bb) s&rsquo;appliquent au site Web de l&rsquo;agence web \u00ab\u00a0Ninjas du Web\u00a0\u00bb (le \u00ab\u00a0Site\u00a0\u00bb) et \u00e0 toutes les pages et services associ\u00e9s fournis par Ninjas du Web. Le Site est la propri\u00e9t\u00e9 de Ninjas du Web et de ses [&hellip;]<\/p>\n","protected":false},"author":3,"featured_media":0,"parent":0,"menu_order":0,"comment_status":"closed","ping_status":"closed","template":"elementor_header_footer","meta":{"footnotes":""},"class_list":["post-2890","page","type-page","status-publish","hentry"],"_links":{"self":[{"href":"https:\/\/ninjasduweb.com\/en\/wp-json\/wp\/v2\/pages\/2890","targetHints":{"allow":["GET"]}}],"collection":[{"href":"https:\/\/ninjasduweb.com\/en\/wp-json\/wp\/v2\/pages"}],"about":[{"href":"https:\/\/ninjasduweb.com\/en\/wp-json\/wp\/v2\/types\/page"}],"author":[{"embeddable":true,"href":"https:\/\/ninjasduweb.com\/en\/wp-json\/wp\/v2\/users\/3"}],"replies":[{"embeddable":true,"href":"https:\/\/ninjasduweb.com\/en\/wp-json\/wp\/v2\/comments?post=2890"}],"version-history":[{"count":0,"href":"https:\/\/ninjasduweb.com\/en\/wp-json\/wp\/v2\/pages\/2890\/revisions"}],"wp:attachment":[{"href":"https:\/\/ninjasduweb.com\/en\/wp-json\/wp\/v2\/media?parent=2890"}],"curies":[{"name":"wp","href":"https:\/\/api.w.org\/{rel}","templated":true}]}}