{"id":2902,"date":"2023-08-31T13:17:37","date_gmt":"2023-08-31T17:17:37","guid":{"rendered":"http:\/\/ninjasduweb.com\/?page_id=2902"},"modified":"2023-10-11T19:50:57","modified_gmt":"2023-10-11T23:50:57","slug":"cookies","status":"publish","type":"page","link":"https:\/\/ninjasduweb.com\/en\/cookies\/","title":{"rendered":"Cookies"},"content":{"rendered":"<div data-elementor-type=\"wp-page\" data-elementor-id=\"2902\" class=\"elementor elementor-2902\" data-elementor-post-type=\"page\">\n\t\t\t\t\t\t<section class=\"elementor-section elementor-top-section elementor-element elementor-element-17fcd3fb elementor-section-boxed elementor-section-height-default elementor-section-height-default\" data-id=\"17fcd3fb\" data-element_type=\"section\" data-e-type=\"section\" data-settings=\"{&quot;background_background&quot;:&quot;classic&quot;}\">\n\t\t\t\t\t\t<div class=\"elementor-container elementor-column-gap-default\">\n\t\t\t\t\t<div class=\"elementor-column elementor-col-100 elementor-top-column elementor-element elementor-element-3dea0a5c\" data-id=\"3dea0a5c\" data-element_type=\"column\" data-e-type=\"column\">\n\t\t\t<div class=\"elementor-widget-wrap elementor-element-populated\">\n\t\t\t\t\t\t<div class=\"elementor-element elementor-element-785090dd elementor-widget elementor-widget-text-editor\" data-id=\"785090dd\" data-element_type=\"widget\" data-e-type=\"widget\" data-widget_type=\"text-editor.default\">\n\t\t\t\t<div class=\"elementor-widget-container\">\n\t\t\t\t\t\t\t\t\t<p><\/p>\n<p><strong>Cookie Policy<\/strong><\/p>\n<p><\/p>\n<p><\/p>\n<p>Last updated: 08\/31\/2023<\/p>\n<p><\/p>\n<p><\/p>\n<p>Ninjas du Web uses cookies on the website \u201chttps:\/\/ninjasduweb.com\/\u201d. By using the Site, you agree to the use of cookies in accordance with this Cookie Policy. This policy explains what cookies are, how we use them and how you can control them.<\/p>\n<p><\/p>\n<p><\/p>\n<p><strong>What is a cookie ?<\/strong><\/p>\n<p><\/p>\n<p><\/p>\n<p>A cookie is a small text file placed on your device when you visit a website. It contains information that can be read by the website during your subsequent visits. Cookies are widely used to make websites work, or to make them work more efficiently, as well as to provide information to site owners.<\/p>\n<p><\/p>\n<p><\/p>\n<p><strong>How do we use cookies?<\/strong><\/p>\n<p><\/p>\n<p><\/p>\n<p>We use cookies for various reasons, including:<\/p>\n<p><\/p>\n<p><\/p>\n<ol class=\"wp-block-list\">\n<li style=\"list-style-type: none;\">\n<ol><\/ol>\n<\/li>\n<\/ol>\n<p>\u00a0<\/p>\n<ol>\n<li style=\"list-style-type: none;\">\n<ol>\n<li>Ensure the correct functioning of the Site.<\/li>\n<\/ol>\n<\/li>\n<\/ol>\n<p><\/p>\n<p><\/p>\n<ol>\n<li style=\"list-style-type: none;\">\n<ol>\n<li>Analyze how users interact with the Site, in order to improve the user experience and functionality of the Site.<\/li>\n<\/ol>\n<\/li>\n<\/ol>\n<p><\/p>\n<p><\/p>\n<ol>\n<li style=\"list-style-type: none;\">\n<ol>\n<li>Personalize your experience by remembering your preferences and choices.<\/li>\n<\/ol>\n<\/li>\n<\/ol>\n<p><\/p>\n<p><\/p>\n<ol>\n<li style=\"list-style-type: none;\">\n<ol>\n<li>Deliver targeted advertising and content tailored to your interests.<\/li>\n<\/ol>\n<\/li>\n<\/ol>\n<p><\/p>\n<p><\/p>\n<p><\/p>\n<p><strong>Types of cookies we use<\/strong><\/p>\n<p><\/p>\n<p><\/p>\n<ol class=\"wp-block-list\">\n<li style=\"list-style-type: none;\">\n<ol><\/ol>\n<\/li>\n<\/ol>\n<p>\u00a0<\/p>\n<ol>\n<li style=\"list-style-type: none;\">\n<ol>\n<li><strong>Essential Cookies<\/strong> : These cookies are necessary for the operation of the Site. They allow you to browse the Site and use its features.<\/li>\n<\/ol>\n<\/li>\n<\/ol>\n<p><\/p>\n<p><\/p>\n<ol>\n<li style=\"list-style-type: none;\">\n<ol>\n<li><strong>Performance Cookies<\/strong> : These cookies collect information about how visitors use the Site, such as the most visited pages or any error messages. These cookies help us improve how the Site works.<\/li>\n<\/ol>\n<\/li>\n<\/ol>\n<p><\/p>\n<p><\/p>\n<ol>\n<li style=\"list-style-type: none;\">\n<ol>\n<li><strong>Functionality Cookies<\/strong> : These cookies allow the Site to remember your choices (such as your username, language or region) and provide you with improved and more personalized features.<\/li>\n<\/ol>\n<\/li>\n<\/ol>\n<p><\/p>\n<p><\/p>\n<ol>\n<li style=\"list-style-type: none;\">\n<ol>\n<li><strong>Advertising Cookies<\/strong> : These cookies are used to deliver advertisements that are more relevant to you and your interests. They are also used to limit the number of times you see an advertisement and to measure the effectiveness of an advertising campaign.<\/li>\n<\/ol>\n<\/li>\n<\/ol>\n<p><\/p>\n<p><\/p>\n<p><\/p>\n<p><strong>How to control cookies?<\/strong><\/p>\n<p><\/p>\n<p><\/p>\n<p>You can control and manage cookies at your discretion. Most browsers allow you to refuse or accept cookies, as well as delete cookies already stored on your device. Cookie preferences must be set for each browser and device you use. Note that refusing or deleting cookies may affect certain functionalities of the Site.<\/p>\n<p><\/p>\n<p><\/p>\n<p>To learn more about managing cookies in your browser, consult your browser&#039;s help pages. You can also learn more about how to control cookies by visiting www.allaboutcookies.org.<\/p>\n<p><\/p>\n<p><\/p>\n<p><strong>Changes to the Cookie Policy<\/strong><\/p>\n<p><\/p>\n<p><\/p>\n<p>We may update this Cookie Policy from time to time to reflect changes in our cookie practices. We encourage you to review this policy regularly to stay informed about how we use cookies.<\/p>\n<p><\/p>\n<p><\/p>\n<p><strong>Contact us<\/strong><\/p>\n<p><\/p>\n<p><\/p>\n<p>If you have any questions regarding our use of cookies or this Cookie Policy, please contact us at duwebninjas@gmail.com<\/p>\n<p>Responsible: Maxime Dufour\u00a0<\/p>\n<p>418-671-3188<\/p>\n<p><\/p>\n<p><\/p>\n<p>By using the Site, you agree to our use of cookies in accordance with this Cookie Policy.<\/p>\n<p><\/p>\t\t\t\t\t\t\t\t<\/div>\n\t\t\t\t<\/div>\n\t\t\t\t\t<\/div>\n\t\t<\/div>\n\t\t\t\t\t<\/div>\n\t\t<\/section>\n\t\t\t\t<\/div>","protected":false},"excerpt":{"rendered":"<p>Politique en mati\u00e8re de Cookies Derni\u00e8re mise \u00e0 jour : 31\/08\/2023 Ninjas du Web utilise des cookies sur le site Web \u00ab\u00a0https:\/\/ninjasduweb.com\/\u00a0\u00bb. En utilisant le Site, vous acceptez l&rsquo;utilisation de cookies conform\u00e9ment \u00e0 cette Politique en mati\u00e8re de Cookies. Cette politique explique ce que sont les cookies, comment nous les utilisons et comment vous pouvez [&hellip;]<\/p>\n","protected":false},"author":3,"featured_media":0,"parent":0,"menu_order":0,"comment_status":"closed","ping_status":"closed","template":"elementor_header_footer","meta":{"footnotes":""},"class_list":["post-2902","page","type-page","status-publish","hentry"],"_links":{"self":[{"href":"https:\/\/ninjasduweb.com\/en\/wp-json\/wp\/v2\/pages\/2902","targetHints":{"allow":["GET"]}}],"collection":[{"href":"https:\/\/ninjasduweb.com\/en\/wp-json\/wp\/v2\/pages"}],"about":[{"href":"https:\/\/ninjasduweb.com\/en\/wp-json\/wp\/v2\/types\/page"}],"author":[{"embeddable":true,"href":"https:\/\/ninjasduweb.com\/en\/wp-json\/wp\/v2\/users\/3"}],"replies":[{"embeddable":true,"href":"https:\/\/ninjasduweb.com\/en\/wp-json\/wp\/v2\/comments?post=2902"}],"version-history":[{"count":0,"href":"https:\/\/ninjasduweb.com\/en\/wp-json\/wp\/v2\/pages\/2902\/revisions"}],"wp:attachment":[{"href":"https:\/\/ninjasduweb.com\/en\/wp-json\/wp\/v2\/media?parent=2902"}],"curies":[{"name":"wp","href":"https:\/\/api.w.org\/{rel}","templated":true}]}}